{"id":60,"date":"2023-07-10T11:01:11","date_gmt":"2023-07-10T11:01:11","guid":{"rendered":"https:\/\/woertherseeboote.at\/?page_id=60"},"modified":"2024-03-11T11:45:09","modified_gmt":"2024-03-11T11:45:09","slug":"impressum","status":"publish","type":"page","link":"https:\/\/woertherseeboote.at\/en\/impressum\/","title":{"rendered":"Imprint"},"content":{"rendered":"<div data-elementor-type=\"wp-page\" data-elementor-id=\"60\" class=\"elementor elementor-60\">\n\t\t\t\t\t\t<section class=\"elementor-section elementor-top-section elementor-element elementor-element-3dc3832 elementor-section-boxed elementor-section-height-default elementor-section-height-default\" data-id=\"3dc3832\" data-element_type=\"section\">\n\t\t\t\t\t\t<div class=\"elementor-container elementor-column-gap-default\">\n\t\t\t\t\t<div class=\"elementor-column elementor-col-100 elementor-top-column elementor-element elementor-element-114c7b5\" data-id=\"114c7b5\" data-element_type=\"column\">\n\t\t\t<div class=\"elementor-widget-wrap elementor-element-populated\">\n\t\t\t\t\t\t<div class=\"elementor-element elementor-element-f745076 elementor-widget elementor-widget-heading\" data-id=\"f745076\" data-element_type=\"widget\" data-widget_type=\"heading.default\">\n\t\t\t\t<div class=\"elementor-widget-container\">\n\t\t\t\t\t<h1 class=\"elementor-heading-title elementor-size-default\">Imprint<\/h1>\t\t\t\t<\/div>\n\t\t\t\t<\/div>\n\t\t\t\t<div class=\"elementor-element elementor-element-302ffda elementor-widget elementor-widget-text-editor\" data-id=\"302ffda\" data-element_type=\"widget\" data-widget_type=\"text-editor.default\">\n\t\t\t\t<div class=\"elementor-widget-container\">\n\t\t\t\t\t\t\t\t\t<p><strong>ARTEMIS KG<\/strong><\/p><p>Dueler Waldweg 14<br \/>9220 Velden<br \/>T: <span style=\"font-weight: 400;\">+43 660 9489062<\/span><br \/>M:\u00a0office@woertherseeboote.at<br \/>UID-Nr: ATU 72657804<br \/>Company register number: 478832s<\/p><p><strong>Disclaimer:<\/strong><br \/>Artemis KG updates the information on its website continuously and with care. Nevertheless, no liability or guarantee can be assumed for the completeness, accuracy and timeliness of the information provided. Furthermore, Artemis KG reserves the right to change, supplement or remove contents of the website https:\/\/woertherseeboote.at at any time and without notice.<\/p><p>The website contains so-called \"external links\" (links) to other websites, on whose content the provider of the website has no influence. For this reason, the provider cannot assume any liability for these contents.<br \/>The respective provider of the linked website is responsible for the content and accuracy of the information provided. At the time of linking, no legal violations were apparent. If such an infringement becomes known, the link will be removed immediately.<\/p><p><strong>Copyright<\/strong><br \/>The content, works and information provided on this website are subject to Austrian copyright and ancillary copyright law. Any kind of reproduction, editing, distribution, storage and any kind of exploitation outside the limits of copyright requires the prior written consent of the respective copyright holder. Unauthorized copying\/saving of the information provided on these web pages is not permitted and is punishable by law.<\/p>\t\t\t\t\t\t\t\t<\/div>\n\t\t\t\t<\/div>\n\t\t\t\t\t<\/div>\n\t\t<\/div>\n\t\t\t\t\t<\/div>\n\t\t<\/section>\n\t\t\t\t<\/div>","protected":false},"excerpt":{"rendered":"<p>Impressum ARTEMIS KG Dueler Waldweg 149220 VeldenT: +43 660 9489062M:\u00a0office@woertherseeboote.atUID-Nr: ATU 72657804Firmenbuch Nr: 478832s Haftungsausschluss:Die Artemis KG aktualisiert die Informationen auf ihrer Website kontinuierlich und mit Sorgfalt. Dennoch kann eine Haftung oder Garantie f\u00fcr die Vollst\u00e4ndigkeit, Richtigkeit und Aktualit\u00e4t der zur Verf\u00fcgung gestellten Informationen nicht \u00fcbernommen werden. Die Artemis KG beh\u00e4lt sich ferner das Recht [&hellip;]<\/p>","protected":false},"author":2,"featured_media":203,"parent":0,"menu_order":0,"comment_status":"closed","ping_status":"closed","template":"","meta":{"ocean_post_layout":"","ocean_both_sidebars_style":"","ocean_both_sidebars_content_width":0,"ocean_both_sidebars_sidebars_width":0,"ocean_sidebar":"0","ocean_second_sidebar":"0","ocean_disable_margins":"enable","ocean_add_body_class":"","ocean_shortcode_before_top_bar":"","ocean_shortcode_after_top_bar":"","ocean_shortcode_before_header":"","ocean_shortcode_after_header":"","ocean_has_shortcode":"","ocean_shortcode_after_title":"","ocean_shortcode_before_footer_widgets":"","ocean_shortcode_after_footer_widgets":"","ocean_shortcode_before_footer_bottom":"","ocean_shortcode_after_footer_bottom":"","ocean_display_top_bar":"default","ocean_display_header":"default","ocean_header_style":"","ocean_center_header_left_menu":"0","ocean_custom_header_template":"0","ocean_custom_logo":0,"ocean_custom_retina_logo":0,"ocean_custom_logo_max_width":0,"ocean_custom_logo_tablet_max_width":0,"ocean_custom_logo_mobile_max_width":0,"ocean_custom_logo_max_height":0,"ocean_custom_logo_tablet_max_height":0,"ocean_custom_logo_mobile_max_height":0,"ocean_header_custom_menu":"0","ocean_menu_typo_font_family":"0","ocean_menu_typo_font_subset":"","ocean_menu_typo_font_size":0,"ocean_menu_typo_font_size_tablet":0,"ocean_menu_typo_font_size_mobile":0,"ocean_menu_typo_font_size_unit":"px","ocean_menu_typo_font_weight":"","ocean_menu_typo_font_weight_tablet":"","ocean_menu_typo_font_weight_mobile":"","ocean_menu_typo_transform":"","ocean_menu_typo_transform_tablet":"","ocean_menu_typo_transform_mobile":"","ocean_menu_typo_line_height":0,"ocean_menu_typo_line_height_tablet":0,"ocean_menu_typo_line_height_mobile":0,"ocean_menu_typo_line_height_unit":"","ocean_menu_typo_spacing":0,"ocean_menu_typo_spacing_tablet":0,"ocean_menu_typo_spacing_mobile":0,"ocean_menu_typo_spacing_unit":"","ocean_menu_link_color":"","ocean_menu_link_color_hover":"","ocean_menu_link_color_active":"","ocean_menu_link_background":"","ocean_menu_link_hover_background":"","ocean_menu_link_active_background":"","ocean_menu_social_links_bg":"","ocean_menu_social_hover_links_bg":"","ocean_menu_social_links_color":"","ocean_menu_social_hover_links_color":"","ocean_disable_title":"default","ocean_disable_heading":"default","ocean_post_title":"","ocean_post_subheading":"","ocean_post_title_style":"","ocean_post_title_background_color":"","ocean_post_title_background":0,"ocean_post_title_bg_image_position":"","ocean_post_title_bg_image_attachment":"","ocean_post_title_bg_image_repeat":"","ocean_post_title_bg_image_size":"","ocean_post_title_height":0,"ocean_post_title_bg_overlay":0.5,"ocean_post_title_bg_overlay_color":"","ocean_disable_breadcrumbs":"default","ocean_breadcrumbs_color":"","ocean_breadcrumbs_separator_color":"","ocean_breadcrumbs_links_color":"","ocean_breadcrumbs_links_hover_color":"","ocean_display_footer_widgets":"default","ocean_display_footer_bottom":"default","ocean_custom_footer_template":"0","footnotes":""},"class_list":["post-60","page","type-page","status-publish","has-post-thumbnail","hentry","entry","has-media"],"yoast_head":"<!-- This site is optimized with the Yoast SEO plugin v24.2 - https:\/\/yoast.com\/wordpress\/plugins\/seo\/ -->\n<title>Impressum - Rechtliche Informationen zu unserer Bootsvermietung<\/title>\n<meta name=\"description\" content=\"Finden Sie alle rechtlichen Informationen und das Impressum unserer Bootsvermietung am W\u00f6rthersee in Velden. Transparent und informativ.\" \/>\n<meta name=\"robots\" content=\"index, follow, max-snippet:-1, max-image-preview:large, max-video-preview:-1\" \/>\n<link rel=\"canonical\" href=\"https:\/\/woertherseeboote.at\/en\/impressum\/\" \/>\n<meta property=\"og:locale\" content=\"en_GB\" \/>\n<meta property=\"og:type\" content=\"article\" \/>\n<meta property=\"og:title\" content=\"Impressum - Rechtliche Informationen zu unserer Bootsvermietung\" \/>\n<meta property=\"og:description\" content=\"Finden Sie alle rechtlichen Informationen und das Impressum unserer Bootsvermietung am W\u00f6rthersee in Velden. Transparent und informativ.\" \/>\n<meta property=\"og:url\" content=\"https:\/\/woertherseeboote.at\/en\/impressum\/\" \/>\n<meta property=\"og:site_name\" content=\"W\u00f6rtherseeboote\" \/>\n<meta property=\"article:modified_time\" content=\"2024-03-11T11:45:09+00:00\" \/>\n<meta property=\"og:image\" content=\"https:\/\/woertherseeboote.at\/wp-content\/uploads\/image_580dd8ac00df2.jpg\" \/>\n\t<meta property=\"og:image:width\" content=\"1024\" \/>\n\t<meta property=\"og:image:height\" content=\"683\" \/>\n\t<meta property=\"og:image:type\" content=\"image\/jpeg\" \/>\n<meta name=\"twitter:card\" content=\"summary_large_image\" \/>\n<meta name=\"twitter:label1\" content=\"Estimated reading time\" \/>\n\t<meta name=\"twitter:data1\" content=\"2 minutes\" \/>\n<script type=\"application\/ld+json\" class=\"yoast-schema-graph\">{\"@context\":\"https:\/\/schema.org\",\"@graph\":[{\"@type\":\"WebPage\",\"@id\":\"https:\/\/woertherseeboote.at\/impressum\/\",\"url\":\"https:\/\/woertherseeboote.at\/impressum\/\",\"name\":\"Impressum - Rechtliche Informationen zu unserer Bootsvermietung\",\"isPartOf\":{\"@id\":\"https:\/\/woertherseeboote.at\/#website\"},\"primaryImageOfPage\":{\"@id\":\"https:\/\/woertherseeboote.at\/impressum\/#primaryimage\"},\"image\":{\"@id\":\"https:\/\/woertherseeboote.at\/impressum\/#primaryimage\"},\"thumbnailUrl\":\"https:\/\/woertherseeboote.at\/wp-content\/uploads\/image_580dd8ac00df2.jpg\",\"datePublished\":\"2023-07-10T11:01:11+00:00\",\"dateModified\":\"2024-03-11T11:45:09+00:00\",\"description\":\"Finden Sie alle rechtlichen Informationen und das Impressum unserer Bootsvermietung am W\u00f6rthersee in Velden. Transparent und informativ.\",\"breadcrumb\":{\"@id\":\"https:\/\/woertherseeboote.at\/impressum\/#breadcrumb\"},\"inLanguage\":\"en-GB\",\"potentialAction\":[{\"@type\":\"ReadAction\",\"target\":[\"https:\/\/woertherseeboote.at\/impressum\/\"]}]},{\"@type\":\"ImageObject\",\"inLanguage\":\"en-GB\",\"@id\":\"https:\/\/woertherseeboote.at\/impressum\/#primaryimage\",\"url\":\"https:\/\/woertherseeboote.at\/wp-content\/uploads\/image_580dd8ac00df2.jpg\",\"contentUrl\":\"https:\/\/woertherseeboote.at\/wp-content\/uploads\/image_580dd8ac00df2.jpg\",\"width\":1024,\"height\":683},{\"@type\":\"BreadcrumbList\",\"@id\":\"https:\/\/woertherseeboote.at\/impressum\/#breadcrumb\",\"itemListElement\":[{\"@type\":\"ListItem\",\"position\":1,\"name\":\"Startseite\",\"item\":\"https:\/\/woertherseeboote.at\/\"},{\"@type\":\"ListItem\",\"position\":2,\"name\":\"Impressum\"}]},{\"@type\":\"WebSite\",\"@id\":\"https:\/\/woertherseeboote.at\/#website\",\"url\":\"https:\/\/woertherseeboote.at\/\",\"name\":\"W\u00f6rtherseeboote\",\"description\":\"Buchen Sie ihren Ausflug, oder mieten Sie einfach eines unserer sch\u00f6nen Boote direkt in Velden am W\u00f6rthersee.\",\"potentialAction\":[{\"@type\":\"SearchAction\",\"target\":{\"@type\":\"EntryPoint\",\"urlTemplate\":\"https:\/\/woertherseeboote.at\/?s={search_term_string}\"},\"query-input\":{\"@type\":\"PropertyValueSpecification\",\"valueRequired\":true,\"valueName\":\"search_term_string\"}}],\"inLanguage\":\"en-GB\"}]}<\/script>\n<!-- \/ Yoast SEO plugin. -->","yoast_head_json":{"title":"Impressum - Rechtliche Informationen zu unserer Bootsvermietung","description":"Finden Sie alle rechtlichen Informationen und das Impressum unserer Bootsvermietung am W\u00f6rthersee in Velden. Transparent und informativ.","robots":{"index":"index","follow":"follow","max-snippet":"max-snippet:-1","max-image-preview":"max-image-preview:large","max-video-preview":"max-video-preview:-1"},"canonical":"https:\/\/woertherseeboote.at\/en\/impressum\/","og_locale":"en_GB","og_type":"article","og_title":"Impressum - Rechtliche Informationen zu unserer Bootsvermietung","og_description":"Finden Sie alle rechtlichen Informationen und das Impressum unserer Bootsvermietung am W\u00f6rthersee in Velden. Transparent und informativ.","og_url":"https:\/\/woertherseeboote.at\/en\/impressum\/","og_site_name":"W\u00f6rtherseeboote","article_modified_time":"2024-03-11T11:45:09+00:00","og_image":[{"width":1024,"height":683,"url":"https:\/\/woertherseeboote.at\/wp-content\/uploads\/image_580dd8ac00df2.jpg","type":"image\/jpeg"}],"twitter_card":"summary_large_image","twitter_misc":{"Estimated reading time":"2 minutes"},"schema":{"@context":"https:\/\/schema.org","@graph":[{"@type":"WebPage","@id":"https:\/\/woertherseeboote.at\/impressum\/","url":"https:\/\/woertherseeboote.at\/impressum\/","name":"Impressum - Rechtliche Informationen zu unserer Bootsvermietung","isPartOf":{"@id":"https:\/\/woertherseeboote.at\/#website"},"primaryImageOfPage":{"@id":"https:\/\/woertherseeboote.at\/impressum\/#primaryimage"},"image":{"@id":"https:\/\/woertherseeboote.at\/impressum\/#primaryimage"},"thumbnailUrl":"https:\/\/woertherseeboote.at\/wp-content\/uploads\/image_580dd8ac00df2.jpg","datePublished":"2023-07-10T11:01:11+00:00","dateModified":"2024-03-11T11:45:09+00:00","description":"Finden Sie alle rechtlichen Informationen und das Impressum unserer Bootsvermietung am W\u00f6rthersee in Velden. Transparent und informativ.","breadcrumb":{"@id":"https:\/\/woertherseeboote.at\/impressum\/#breadcrumb"},"inLanguage":"en-GB","potentialAction":[{"@type":"ReadAction","target":["https:\/\/woertherseeboote.at\/impressum\/"]}]},{"@type":"ImageObject","inLanguage":"en-GB","@id":"https:\/\/woertherseeboote.at\/impressum\/#primaryimage","url":"https:\/\/woertherseeboote.at\/wp-content\/uploads\/image_580dd8ac00df2.jpg","contentUrl":"https:\/\/woertherseeboote.at\/wp-content\/uploads\/image_580dd8ac00df2.jpg","width":1024,"height":683},{"@type":"BreadcrumbList","@id":"https:\/\/woertherseeboote.at\/impressum\/#breadcrumb","itemListElement":[{"@type":"ListItem","position":1,"name":"Startseite","item":"https:\/\/woertherseeboote.at\/"},{"@type":"ListItem","position":2,"name":"Impressum"}]},{"@type":"WebSite","@id":"https:\/\/woertherseeboote.at\/#website","url":"https:\/\/woertherseeboote.at\/","name":"W\u00f6rtherseeboote","description":"Buchen Sie ihren Ausflug, oder mieten Sie einfach eines unserer sch\u00f6nen Boote direkt in Velden am W\u00f6rthersee.","potentialAction":[{"@type":"SearchAction","target":{"@type":"EntryPoint","urlTemplate":"https:\/\/woertherseeboote.at\/?s={search_term_string}"},"query-input":{"@type":"PropertyValueSpecification","valueRequired":true,"valueName":"search_term_string"}}],"inLanguage":"en-GB"}]}},"_links":{"self":[{"href":"https:\/\/woertherseeboote.at\/en\/wp-json\/wp\/v2\/pages\/60","targetHints":{"allow":["GET"]}}],"collection":[{"href":"https:\/\/woertherseeboote.at\/en\/wp-json\/wp\/v2\/pages"}],"about":[{"href":"https:\/\/woertherseeboote.at\/en\/wp-json\/wp\/v2\/types\/page"}],"author":[{"embeddable":true,"href":"https:\/\/woertherseeboote.at\/en\/wp-json\/wp\/v2\/users\/2"}],"replies":[{"embeddable":true,"href":"https:\/\/woertherseeboote.at\/en\/wp-json\/wp\/v2\/comments?post=60"}],"version-history":[{"count":40,"href":"https:\/\/woertherseeboote.at\/en\/wp-json\/wp\/v2\/pages\/60\/revisions"}],"predecessor-version":[{"id":1226,"href":"https:\/\/woertherseeboote.at\/en\/wp-json\/wp\/v2\/pages\/60\/revisions\/1226"}],"wp:featuredmedia":[{"embeddable":true,"href":"https:\/\/woertherseeboote.at\/en\/wp-json\/wp\/v2\/media\/203"}],"wp:attachment":[{"href":"https:\/\/woertherseeboote.at\/en\/wp-json\/wp\/v2\/media?parent=60"}],"curies":[{"name":"wp","href":"https:\/\/api.w.org\/{rel}","templated":true}]}}