{"id":20,"date":"2023-07-10T07:45:34","date_gmt":"2023-07-10T07:45:34","guid":{"rendered":"https:\/\/woertherseeboote.at\/?page_id=20"},"modified":"2024-02-21T10:30:43","modified_gmt":"2024-02-21T10:30:43","slug":"bootsbuchung","status":"publish","type":"page","link":"https:\/\/woertherseeboote.at\/en\/bootsbuchung\/","title":{"rendered":"Booking"},"content":{"rendered":"<div data-elementor-type=\"wp-page\" data-elementor-id=\"20\" class=\"elementor elementor-20\">\n\t\t\t\t\t\t<section class=\"elementor-section elementor-top-section elementor-element elementor-element-5dedccc8 elementor-section-height-min-height elementor-section-boxed elementor-section-height-default elementor-section-items-middle\" data-id=\"5dedccc8\" data-element_type=\"section\" data-settings=\"{&quot;background_background&quot;:&quot;video&quot;,&quot;background_video_link&quot;:&quot;https:\\\/\\\/woertherseeboote.at\\\/wp-content\\\/uploads\\\/2023\\\/07\\\/AdobeStock_105783362.mov&quot;,&quot;background_play_on_mobile&quot;:&quot;yes&quot;}\">\n\t\t\t\t\t\t\t\t<div class=\"elementor-background-video-container\">\n\t\t\t\t\t\t\t\t\t\t\t\t\t<video class=\"elementor-background-video-hosted elementor-html5-video\" autoplay muted playsinline loop><\/video>\n\t\t\t\t\t\t\t\t\t\t\t<\/div>\n\t\t\t\t\t\t\t\t<div class=\"elementor-container elementor-column-gap-default\">\n\t\t\t\t\t<div class=\"elementor-column elementor-col-16 elementor-top-column elementor-element elementor-element-719d8ecd elementor-hidden-tablet elementor-hidden-mobile\" data-id=\"719d8ecd\" data-element_type=\"column\">\n\t\t\t<div class=\"elementor-widget-wrap\">\n\t\t\t\t\t\t\t<\/div>\n\t\t<\/div>\n\t\t\t\t<div class=\"elementor-column elementor-col-66 elementor-top-column elementor-element elementor-element-534edd16\" data-id=\"534edd16\" data-element_type=\"column\">\n\t\t\t<div class=\"elementor-widget-wrap elementor-element-populated\">\n\t\t\t\t\t\t<div class=\"elementor-element elementor-element-6d56c1b1 elementor-widget elementor-widget-spacer\" data-id=\"6d56c1b1\" data-element_type=\"widget\" data-widget_type=\"spacer.default\">\n\t\t\t\t<div class=\"elementor-widget-container\">\n\t\t\t\t\t\t\t<div class=\"elementor-spacer\">\n\t\t\t<div class=\"elementor-spacer-inner\"><\/div>\n\t\t<\/div>\n\t\t\t\t\t\t<\/div>\n\t\t\t\t<\/div>\n\t\t\t\t<div class=\"elementor-element elementor-element-11d813b4 elementor-widget elementor-widget-heading\" data-id=\"11d813b4\" data-element_type=\"widget\" data-widget_type=\"heading.default\">\n\t\t\t\t<div class=\"elementor-widget-container\">\n\t\t\t\t\t<h2 class=\"elementor-heading-title elementor-size-default\">Book Your Nautical Escape Today!<\/h2>\t\t\t\t<\/div>\n\t\t\t\t<\/div>\n\t\t\t\t<div class=\"elementor-element elementor-element-3cee228a elementor-widget elementor-widget-text-editor\" data-id=\"3cee228a\" data-element_type=\"widget\" data-widget_type=\"text-editor.default\">\n\t\t\t\t<div class=\"elementor-widget-container\">\n\t\t\t\t\t\t\t\t\t<p><span style=\"color: #ffffff;\">Secure your place on the water: Plan your ideal boating experience by booking your preferred boat and date. The booking form is just a click away, so get ready for unforgettable adventures!<\/span><\/p>\t\t\t\t\t\t\t\t<\/div>\n\t\t\t\t<\/div>\n\t\t\t\t\t<\/div>\n\t\t<\/div>\n\t\t\t\t<div class=\"elementor-column elementor-col-16 elementor-top-column elementor-element elementor-element-1f450e4f elementor-hidden-tablet elementor-hidden-mobile\" data-id=\"1f450e4f\" data-element_type=\"column\">\n\t\t\t<div class=\"elementor-widget-wrap\">\n\t\t\t\t\t\t\t<\/div>\n\t\t<\/div>\n\t\t\t\t\t<\/div>\n\t\t<\/section>\n\t\t\t\t<section class=\"elementor-section elementor-top-section elementor-element elementor-element-6578389 elementor-section-height-min-height elementor-hidden-tablet elementor-hidden-mobile elementor-section-boxed elementor-section-height-default elementor-section-items-middle\" data-id=\"6578389\" data-element_type=\"section\" data-settings=\"{&quot;background_background&quot;:&quot;classic&quot;}\">\n\t\t\t\t\t\t<div class=\"elementor-container elementor-column-gap-default\">\n\t\t\t\t\t<div class=\"elementor-column elementor-col-100 elementor-top-column elementor-element elementor-element-b112a4d\" data-id=\"b112a4d\" data-element_type=\"column\" data-settings=\"{&quot;background_background&quot;:&quot;classic&quot;}\">\n\t\t\t<div class=\"elementor-widget-wrap elementor-element-populated\">\n\t\t\t\t\t\t<div class=\"elementor-element elementor-element-0563fab elementor-widget elementor-widget-bookly-widget-bookly-form\" data-id=\"0563fab\" data-element_type=\"widget\" data-widget_type=\"bookly-widget-bookly-form.default\">\n\t\t\t\t<div class=\"elementor-widget-container\">\n\t\t\t\t\t<!--\nPlugin Name: Bookly \u2013 Responsive WordPress Appointment Booking and Scheduling Plugin\nPlugin URI: https:\/\/www.booking-wp-plugin.com\/?utm_source=bookly_admin&utm_medium=plugins_page&utm_campaign=plugins_page\nVersion: 24.6-->\n<style type=\"text\/css\">\n    :root {\n        --bookly-main-color: #003863 !important;\n    }\n\n    <\/style><div class=\"bookly-css-root\">\n    <div id=\"bookly-form-6a01c35a029f3\" class=\"bookly-form\" data-form_id=\"6a01c35a029f3\" aria-live=\"polite\">\n        <div style=\"text-align: center\"><img decoding=\"async\" src=\"https:\/\/woertherseeboote.at\/wp-includes\/js\/tinymce\/skins\/lightgray\/img\/loader.gif\" alt=\"Loading...\"\/><\/div>\n    <\/div>\n<\/div>\n<script type=\"text\/javascript\">\n    (function (win, fn) {\n        var done = false, top = true,\n            doc = win.document,\n            root = doc.documentElement,\n            modern = doc.addEventListener,\n            add = modern ? 'addEventListener' : 'attachEvent',\n            rem = modern ? 'removeEventListener' : 'detachEvent',\n            pre = modern ? '' : 'on',\n            init = function (e) {\n                if (e.type == 'readystatechange') if (doc.readyState != 'complete') return;\n                (e.type == 'load' ? win : doc)[rem](pre + e.type, init, false);\n                if (!done) {\n                    done = true;\n                    fn.call(win, e.type || e);\n                }\n            },\n            poll = function () {\n                try {\n                    root.doScroll('left');\n                } catch (e) {\n                    setTimeout(poll, 50);\n                    return;\n                }\n                init('poll');\n            };\n        if (doc.readyState == 'complete') fn.call(win, 'lazy');\n        else {\n            if (!modern) if (root.doScroll) {\n                try {\n                    top = !win.frameElement;\n                } catch (e) {\n                }\n                if (top) poll();\n            }\n            doc[add](pre + 'DOMContentLoaded', init, false);\n            doc[add](pre + 'readystatechange', init, false);\n            win[add](pre + 'load', init, false);\n        }\n    })(window, function () {\n        window.bookly( {\"form_id\":\"6a01c35a029f3\",\"status\":{\"booking\":\"new\"},\"skip_steps\":{\"service_part1\":0,\"service_part2\":1,\"extras\":1,\"time\":0,\"repeat\":1,\"cart\":1},\"errors\":{\"session_error\":\"Session error.\",\"form_id_error\":\"Form ID error.\",\"cart_item_not_available\":\"Die ausgew\\u00e4hlte Zeit ist nicht mehr verf\\u00fcgbar. Bitte w\\u00e4hlen Sie eine andere Option.\",\"pay_locally_not_available\":\"Pay locally is not available.\",\"invalid_gateway\":\"Invalid gateway.\",\"payment_error\":\"Error.\",\"incorrect_username_password\":\"Incorrect username or password.\"},\"form_attributes\":{\"hide_categories\":true,\"hide_services\":false,\"hide_staff_members\":true,\"show_number_of_persons\":false,\"hide_service_duration\":true,\"hide_locations\":true,\"hide_quantity\":true,\"hide_date\":true,\"hide_week_days\":true,\"hide_time_range\":true},\"use_client_time_zone\":0,\"defaults\":{\"service_id\":0,\"staff_id\":0,\"location_id\":0,\"category_id\":0},\"datepicker_mode\":\"text-accent\"} );\n    });\n<\/script>\t\t\t\t<\/div>\n\t\t\t\t<\/div>\n\t\t\t\t\t<\/div>\n\t\t<\/div>\n\t\t\t\t\t<\/div>\n\t\t<\/section>\n\t\t\t\t<section class=\"elementor-section elementor-top-section elementor-element elementor-element-cb5dcd9 elementor-section-height-min-height elementor-hidden-desktop elementor-section-boxed elementor-section-height-default elementor-section-items-middle\" data-id=\"cb5dcd9\" data-element_type=\"section\" data-settings=\"{&quot;background_background&quot;:&quot;classic&quot;}\">\n\t\t\t\t\t\t<div class=\"elementor-container elementor-column-gap-default\">\n\t\t\t\t\t<div class=\"elementor-column elementor-col-100 elementor-top-column elementor-element elementor-element-752cbe6\" data-id=\"752cbe6\" data-element_type=\"column\" data-settings=\"{&quot;background_background&quot;:&quot;classic&quot;}\">\n\t\t\t<div class=\"elementor-widget-wrap elementor-element-populated\">\n\t\t\t\t\t\t<div class=\"elementor-element elementor-element-41cc27f elementor-widget elementor-widget-bookly-widget-bookly-form\" data-id=\"41cc27f\" data-element_type=\"widget\" data-widget_type=\"bookly-widget-bookly-form.default\">\n\t\t\t\t<div class=\"elementor-widget-container\">\n\t\t\t\t\t<!--\nPlugin Name: Bookly \u2013 Responsive WordPress Appointment Booking and Scheduling Plugin\nPlugin URI: https:\/\/www.booking-wp-plugin.com\/?utm_source=bookly_admin&utm_medium=plugins_page&utm_campaign=plugins_page\nVersion: 24.6-->\n<style type=\"text\/css\">\n    :root {\n        --bookly-main-color: #003863 !important;\n    }\n\n    <\/style><div class=\"bookly-css-root\">\n    <div id=\"bookly-form-6a01c35a02b10\" class=\"bookly-form\" data-form_id=\"6a01c35a02b10\" aria-live=\"polite\">\n        <div style=\"text-align: center\"><img decoding=\"async\" src=\"https:\/\/woertherseeboote.at\/wp-includes\/js\/tinymce\/skins\/lightgray\/img\/loader.gif\" alt=\"Loading...\"\/><\/div>\n    <\/div>\n<\/div>\n<script type=\"text\/javascript\">\n    (function (win, fn) {\n        var done = false, top = true,\n            doc = win.document,\n            root = doc.documentElement,\n            modern = doc.addEventListener,\n            add = modern ? 'addEventListener' : 'attachEvent',\n            rem = modern ? 'removeEventListener' : 'detachEvent',\n            pre = modern ? '' : 'on',\n            init = function (e) {\n                if (e.type == 'readystatechange') if (doc.readyState != 'complete') return;\n                (e.type == 'load' ? win : doc)[rem](pre + e.type, init, false);\n                if (!done) {\n                    done = true;\n                    fn.call(win, e.type || e);\n                }\n            },\n            poll = function () {\n                try {\n                    root.doScroll('left');\n                } catch (e) {\n                    setTimeout(poll, 50);\n                    return;\n                }\n                init('poll');\n            };\n        if (doc.readyState == 'complete') fn.call(win, 'lazy');\n        else {\n            if (!modern) if (root.doScroll) {\n                try {\n                    top = !win.frameElement;\n                } catch (e) {\n                }\n                if (top) poll();\n            }\n            doc[add](pre + 'DOMContentLoaded', init, false);\n            doc[add](pre + 'readystatechange', init, false);\n            win[add](pre + 'load', init, false);\n        }\n    })(window, function () {\n        window.bookly( {\"form_id\":\"6a01c35a02b10\",\"status\":{\"booking\":\"new\"},\"skip_steps\":{\"service_part1\":0,\"service_part2\":1,\"extras\":1,\"time\":0,\"repeat\":1,\"cart\":1},\"errors\":{\"session_error\":\"Session error.\",\"form_id_error\":\"Form ID error.\",\"cart_item_not_available\":\"Die ausgew\\u00e4hlte Zeit ist nicht mehr verf\\u00fcgbar. Bitte w\\u00e4hlen Sie eine andere Option.\",\"pay_locally_not_available\":\"Pay locally is not available.\",\"invalid_gateway\":\"Invalid gateway.\",\"payment_error\":\"Error.\",\"incorrect_username_password\":\"Incorrect username or password.\"},\"form_attributes\":{\"hide_categories\":true,\"hide_services\":false,\"hide_staff_members\":true,\"show_number_of_persons\":false,\"hide_service_duration\":true,\"hide_locations\":true,\"hide_quantity\":true,\"hide_date\":true,\"hide_week_days\":true,\"hide_time_range\":true},\"use_client_time_zone\":0,\"defaults\":{\"service_id\":0,\"staff_id\":0,\"location_id\":0,\"category_id\":0},\"datepicker_mode\":\"text-accent\"} );\n    });\n<\/script>\t\t\t\t<\/div>\n\t\t\t\t<\/div>\n\t\t\t\t\t<\/div>\n\t\t<\/div>\n\t\t\t\t\t<\/div>\n\t\t<\/section>\n\t\t\t\t<\/div>","protected":false},"excerpt":{"rendered":"<p>Reservieren Sie noch heute Ihren Bootsverleih! Sichern Sie sich Ihren Platz auf dem Wasser: Planen Sie Ihr ideales Bootserlebnis, indem Sie Ihr bevorzugtes Boot und Datum buchen. Das Buchungsformular ist nur einen Klick entfernt, also machen Sie sich bereit f\u00fcr unvergessliche Abenteuer!<\/p>","protected":false},"author":2,"featured_media":171,"parent":0,"menu_order":0,"comment_status":"closed","ping_status":"closed","template":"","meta":{"ocean_post_layout":"","ocean_both_sidebars_style":"","ocean_both_sidebars_content_width":0,"ocean_both_sidebars_sidebars_width":0,"ocean_sidebar":"0","ocean_second_sidebar":"0","ocean_disable_margins":"enable","ocean_add_body_class":"","ocean_shortcode_before_top_bar":"","ocean_shortcode_after_top_bar":"","ocean_shortcode_before_header":"","ocean_shortcode_after_header":"","ocean_has_shortcode":"","ocean_shortcode_after_title":"","ocean_shortcode_before_footer_widgets":"","ocean_shortcode_after_footer_widgets":"","ocean_shortcode_before_footer_bottom":"","ocean_shortcode_after_footer_bottom":"","ocean_display_top_bar":"default","ocean_display_header":"default","ocean_header_style":"","ocean_center_header_left_menu":"0","ocean_custom_header_template":"0","ocean_custom_logo":0,"ocean_custom_retina_logo":0,"ocean_custom_logo_max_width":0,"ocean_custom_logo_tablet_max_width":0,"ocean_custom_logo_mobile_max_width":0,"ocean_custom_logo_max_height":0,"ocean_custom_logo_tablet_max_height":0,"ocean_custom_logo_mobile_max_height":0,"ocean_header_custom_menu":"0","ocean_menu_typo_font_family":"0","ocean_menu_typo_font_subset":"","ocean_menu_typo_font_size":0,"ocean_menu_typo_font_size_tablet":0,"ocean_menu_typo_font_size_mobile":0,"ocean_menu_typo_font_size_unit":"px","ocean_menu_typo_font_weight":"","ocean_menu_typo_font_weight_tablet":"","ocean_menu_typo_font_weight_mobile":"","ocean_menu_typo_transform":"","ocean_menu_typo_transform_tablet":"","ocean_menu_typo_transform_mobile":"","ocean_menu_typo_line_height":0,"ocean_menu_typo_line_height_tablet":0,"ocean_menu_typo_line_height_mobile":0,"ocean_menu_typo_line_height_unit":"","ocean_menu_typo_spacing":0,"ocean_menu_typo_spacing_tablet":0,"ocean_menu_typo_spacing_mobile":0,"ocean_menu_typo_spacing_unit":"","ocean_menu_link_color":"","ocean_menu_link_color_hover":"","ocean_menu_link_color_active":"","ocean_menu_link_background":"","ocean_menu_link_hover_background":"","ocean_menu_link_active_background":"","ocean_menu_social_links_bg":"","ocean_menu_social_hover_links_bg":"","ocean_menu_social_links_color":"","ocean_menu_social_hover_links_color":"","ocean_disable_title":"default","ocean_disable_heading":"default","ocean_post_title":"","ocean_post_subheading":"","ocean_post_title_style":"","ocean_post_title_background_color":"","ocean_post_title_background":0,"ocean_post_title_bg_image_position":"","ocean_post_title_bg_image_attachment":"","ocean_post_title_bg_image_repeat":"","ocean_post_title_bg_image_size":"","ocean_post_title_height":0,"ocean_post_title_bg_overlay":0.5,"ocean_post_title_bg_overlay_color":"","ocean_disable_breadcrumbs":"default","ocean_breadcrumbs_color":"","ocean_breadcrumbs_separator_color":"","ocean_breadcrumbs_links_color":"","ocean_breadcrumbs_links_hover_color":"","ocean_display_footer_widgets":"default","ocean_display_footer_bottom":"default","ocean_custom_footer_template":"0","footnotes":""},"class_list":["post-20","page","type-page","status-publish","has-post-thumbnail","hentry","entry","has-media"],"yoast_head":"<!-- This site is optimized with the Yoast SEO plugin v24.2 - https:\/\/yoast.com\/wordpress\/plugins\/seo\/ -->\n<title>Jetzt Boot am W\u00f6rthersee in Velden buchen - Online-Reservierung<\/title>\n<meta name=\"description\" content=\"Buchen Sie Ihr n\u00e4chstes Bootsabenteuer am W\u00f6rthersee online. Einfach, schnell und sicher. Entdecken Sie Velden vom Wasser aus!\" \/>\n<meta name=\"robots\" content=\"index, follow, max-snippet:-1, max-image-preview:large, max-video-preview:-1\" \/>\n<link rel=\"canonical\" href=\"https:\/\/woertherseeboote.at\/en\/bootsbuchung\/\" \/>\n<meta property=\"og:locale\" content=\"en_GB\" \/>\n<meta property=\"og:type\" content=\"article\" \/>\n<meta property=\"og:title\" content=\"Jetzt Boot am W\u00f6rthersee in Velden buchen - Online-Reservierung\" \/>\n<meta property=\"og:description\" content=\"Buchen Sie Ihr n\u00e4chstes Bootsabenteuer am W\u00f6rthersee online. Einfach, schnell und sicher. Entdecken Sie Velden vom Wasser aus!\" \/>\n<meta property=\"og:url\" content=\"https:\/\/woertherseeboote.at\/en\/bootsbuchung\/\" \/>\n<meta property=\"og:site_name\" content=\"W\u00f6rtherseeboote\" \/>\n<meta property=\"article:modified_time\" content=\"2024-02-21T10:30:43+00:00\" \/>\n<meta property=\"og:image\" content=\"https:\/\/woertherseeboote.at\/wp-content\/uploads\/2023\/07\/woertherseeboote-velden-motorboot3.jpg\" \/>\n\t<meta property=\"og:image:width\" content=\"500\" \/>\n\t<meta property=\"og:image:height\" content=\"334\" \/>\n\t<meta property=\"og:image:type\" content=\"image\/jpeg\" \/>\n<meta name=\"twitter:card\" content=\"summary_large_image\" \/>\n<meta name=\"twitter:label1\" content=\"Estimated reading time\" \/>\n\t<meta name=\"twitter:data1\" content=\"1 minute\" \/>\n<script type=\"application\/ld+json\" class=\"yoast-schema-graph\">{\"@context\":\"https:\/\/schema.org\",\"@graph\":[{\"@type\":\"WebPage\",\"@id\":\"https:\/\/woertherseeboote.at\/bootsbuchung\/\",\"url\":\"https:\/\/woertherseeboote.at\/bootsbuchung\/\",\"name\":\"Jetzt Boot am W\u00f6rthersee in Velden buchen - Online-Reservierung\",\"isPartOf\":{\"@id\":\"https:\/\/woertherseeboote.at\/#website\"},\"primaryImageOfPage\":{\"@id\":\"https:\/\/woertherseeboote.at\/bootsbuchung\/#primaryimage\"},\"image\":{\"@id\":\"https:\/\/woertherseeboote.at\/bootsbuchung\/#primaryimage\"},\"thumbnailUrl\":\"https:\/\/woertherseeboote.at\/wp-content\/uploads\/2023\/07\/woertherseeboote-velden-motorboot3.jpg\",\"datePublished\":\"2023-07-10T07:45:34+00:00\",\"dateModified\":\"2024-02-21T10:30:43+00:00\",\"description\":\"Buchen Sie Ihr n\u00e4chstes Bootsabenteuer am W\u00f6rthersee online. Einfach, schnell und sicher. Entdecken Sie Velden vom Wasser aus!\",\"breadcrumb\":{\"@id\":\"https:\/\/woertherseeboote.at\/bootsbuchung\/#breadcrumb\"},\"inLanguage\":\"en-GB\",\"potentialAction\":[{\"@type\":\"ReadAction\",\"target\":[\"https:\/\/woertherseeboote.at\/bootsbuchung\/\"]}]},{\"@type\":\"ImageObject\",\"inLanguage\":\"en-GB\",\"@id\":\"https:\/\/woertherseeboote.at\/bootsbuchung\/#primaryimage\",\"url\":\"https:\/\/woertherseeboote.at\/wp-content\/uploads\/2023\/07\/woertherseeboote-velden-motorboot3.jpg\",\"contentUrl\":\"https:\/\/woertherseeboote.at\/wp-content\/uploads\/2023\/07\/woertherseeboote-velden-motorboot3.jpg\",\"width\":500,\"height\":334},{\"@type\":\"BreadcrumbList\",\"@id\":\"https:\/\/woertherseeboote.at\/bootsbuchung\/#breadcrumb\",\"itemListElement\":[{\"@type\":\"ListItem\",\"position\":1,\"name\":\"Startseite\",\"item\":\"https:\/\/woertherseeboote.at\/\"},{\"@type\":\"ListItem\",\"position\":2,\"name\":\"Bootsbuchung\"}]},{\"@type\":\"WebSite\",\"@id\":\"https:\/\/woertherseeboote.at\/#website\",\"url\":\"https:\/\/woertherseeboote.at\/\",\"name\":\"W\u00f6rtherseeboote\",\"description\":\"Buchen Sie ihren Ausflug, oder mieten Sie einfach eines unserer sch\u00f6nen Boote direkt in Velden am W\u00f6rthersee.\",\"potentialAction\":[{\"@type\":\"SearchAction\",\"target\":{\"@type\":\"EntryPoint\",\"urlTemplate\":\"https:\/\/woertherseeboote.at\/?s={search_term_string}\"},\"query-input\":{\"@type\":\"PropertyValueSpecification\",\"valueRequired\":true,\"valueName\":\"search_term_string\"}}],\"inLanguage\":\"en-GB\"}]}<\/script>\n<!-- \/ Yoast SEO plugin. -->","yoast_head_json":{"title":"Jetzt Boot am W\u00f6rthersee in Velden buchen - Online-Reservierung","description":"Buchen Sie Ihr n\u00e4chstes Bootsabenteuer am W\u00f6rthersee online. Einfach, schnell und sicher. Entdecken Sie Velden vom Wasser aus!","robots":{"index":"index","follow":"follow","max-snippet":"max-snippet:-1","max-image-preview":"max-image-preview:large","max-video-preview":"max-video-preview:-1"},"canonical":"https:\/\/woertherseeboote.at\/en\/bootsbuchung\/","og_locale":"en_GB","og_type":"article","og_title":"Jetzt Boot am W\u00f6rthersee in Velden buchen - Online-Reservierung","og_description":"Buchen Sie Ihr n\u00e4chstes Bootsabenteuer am W\u00f6rthersee online. Einfach, schnell und sicher. Entdecken Sie Velden vom Wasser aus!","og_url":"https:\/\/woertherseeboote.at\/en\/bootsbuchung\/","og_site_name":"W\u00f6rtherseeboote","article_modified_time":"2024-02-21T10:30:43+00:00","og_image":[{"width":500,"height":334,"url":"https:\/\/woertherseeboote.at\/wp-content\/uploads\/2023\/07\/woertherseeboote-velden-motorboot3.jpg","type":"image\/jpeg"}],"twitter_card":"summary_large_image","twitter_misc":{"Estimated reading time":"1 minute"},"schema":{"@context":"https:\/\/schema.org","@graph":[{"@type":"WebPage","@id":"https:\/\/woertherseeboote.at\/bootsbuchung\/","url":"https:\/\/woertherseeboote.at\/bootsbuchung\/","name":"Jetzt Boot am W\u00f6rthersee in Velden buchen - Online-Reservierung","isPartOf":{"@id":"https:\/\/woertherseeboote.at\/#website"},"primaryImageOfPage":{"@id":"https:\/\/woertherseeboote.at\/bootsbuchung\/#primaryimage"},"image":{"@id":"https:\/\/woertherseeboote.at\/bootsbuchung\/#primaryimage"},"thumbnailUrl":"https:\/\/woertherseeboote.at\/wp-content\/uploads\/2023\/07\/woertherseeboote-velden-motorboot3.jpg","datePublished":"2023-07-10T07:45:34+00:00","dateModified":"2024-02-21T10:30:43+00:00","description":"Buchen Sie Ihr n\u00e4chstes Bootsabenteuer am W\u00f6rthersee online. Einfach, schnell und sicher. Entdecken Sie Velden vom Wasser aus!","breadcrumb":{"@id":"https:\/\/woertherseeboote.at\/bootsbuchung\/#breadcrumb"},"inLanguage":"en-GB","potentialAction":[{"@type":"ReadAction","target":["https:\/\/woertherseeboote.at\/bootsbuchung\/"]}]},{"@type":"ImageObject","inLanguage":"en-GB","@id":"https:\/\/woertherseeboote.at\/bootsbuchung\/#primaryimage","url":"https:\/\/woertherseeboote.at\/wp-content\/uploads\/2023\/07\/woertherseeboote-velden-motorboot3.jpg","contentUrl":"https:\/\/woertherseeboote.at\/wp-content\/uploads\/2023\/07\/woertherseeboote-velden-motorboot3.jpg","width":500,"height":334},{"@type":"BreadcrumbList","@id":"https:\/\/woertherseeboote.at\/bootsbuchung\/#breadcrumb","itemListElement":[{"@type":"ListItem","position":1,"name":"Startseite","item":"https:\/\/woertherseeboote.at\/"},{"@type":"ListItem","position":2,"name":"Bootsbuchung"}]},{"@type":"WebSite","@id":"https:\/\/woertherseeboote.at\/#website","url":"https:\/\/woertherseeboote.at\/","name":"W\u00f6rtherseeboote","description":"Buchen Sie ihren Ausflug, oder mieten Sie einfach eines unserer sch\u00f6nen Boote direkt in Velden am W\u00f6rthersee.","potentialAction":[{"@type":"SearchAction","target":{"@type":"EntryPoint","urlTemplate":"https:\/\/woertherseeboote.at\/?s={search_term_string}"},"query-input":{"@type":"PropertyValueSpecification","valueRequired":true,"valueName":"search_term_string"}}],"inLanguage":"en-GB"}]}},"_links":{"self":[{"href":"https:\/\/woertherseeboote.at\/en\/wp-json\/wp\/v2\/pages\/20","targetHints":{"allow":["GET"]}}],"collection":[{"href":"https:\/\/woertherseeboote.at\/en\/wp-json\/wp\/v2\/pages"}],"about":[{"href":"https:\/\/woertherseeboote.at\/en\/wp-json\/wp\/v2\/types\/page"}],"author":[{"embeddable":true,"href":"https:\/\/woertherseeboote.at\/en\/wp-json\/wp\/v2\/users\/2"}],"replies":[{"embeddable":true,"href":"https:\/\/woertherseeboote.at\/en\/wp-json\/wp\/v2\/comments?post=20"}],"version-history":[{"count":102,"href":"https:\/\/woertherseeboote.at\/en\/wp-json\/wp\/v2\/pages\/20\/revisions"}],"predecessor-version":[{"id":1212,"href":"https:\/\/woertherseeboote.at\/en\/wp-json\/wp\/v2\/pages\/20\/revisions\/1212"}],"wp:featuredmedia":[{"embeddable":true,"href":"https:\/\/woertherseeboote.at\/en\/wp-json\/wp\/v2\/media\/171"}],"wp:attachment":[{"href":"https:\/\/woertherseeboote.at\/en\/wp-json\/wp\/v2\/media?parent=20"}],"curies":[{"name":"wp","href":"https:\/\/api.w.org\/{rel}","templated":true}]}}