{"id":18,"date":"2023-07-10T07:45:14","date_gmt":"2023-07-10T07:45:14","guid":{"rendered":"https:\/\/woertherseeboote.at\/?page_id=18"},"modified":"2024-03-11T11:46:11","modified_gmt":"2024-03-11T11:46:11","slug":"kontakt","status":"publish","type":"page","link":"https:\/\/woertherseeboote.at\/en\/kontakt\/","title":{"rendered":"Contact"},"content":{"rendered":"<div data-elementor-type=\"wp-page\" data-elementor-id=\"18\" class=\"elementor elementor-18\">\n\t\t\t\t\t\t<section class=\"elementor-section elementor-top-section elementor-element elementor-element-27f05ed8 elementor-section-height-min-height elementor-section-boxed elementor-section-height-default elementor-section-items-middle\" data-id=\"27f05ed8\" data-element_type=\"section\" data-settings=\"{&quot;background_background&quot;:&quot;video&quot;,&quot;background_video_link&quot;:&quot;https:\\\/\\\/www.youtube.com\\\/watch?v=OXxditXp_30&amp;t=42s&quot;,&quot;background_play_on_mobile&quot;:&quot;yes&quot;}\">\n\t\t\t\t\t\t\t\t<div class=\"elementor-background-video-container\">\n\t\t\t\t\t\t\t\t\t\t\t\t\t<div class=\"elementor-background-video-embed\"><\/div>\n\t\t\t\t\t\t\t\t\t\t\t\t<\/div>\n\t\t\t\t\t\t\t\t<div class=\"elementor-container elementor-column-gap-default\">\n\t\t\t\t\t<div class=\"elementor-column elementor-col-100 elementor-top-column elementor-element elementor-element-562daff\" data-id=\"562daff\" data-element_type=\"column\">\n\t\t\t<div class=\"elementor-widget-wrap\">\n\t\t\t\t\t\t\t<\/div>\n\t\t<\/div>\n\t\t\t\t\t<\/div>\n\t\t<\/section>\n\t\t\t\t<section class=\"elementor-section elementor-top-section elementor-element elementor-element-7c38708 elementor-section-boxed elementor-section-height-default elementor-section-height-default\" data-id=\"7c38708\" data-element_type=\"section\">\n\t\t\t\t\t\t<div class=\"elementor-container elementor-column-gap-default\">\n\t\t\t\t\t<div class=\"elementor-column elementor-col-50 elementor-top-column elementor-element elementor-element-f955536\" data-id=\"f955536\" data-element_type=\"column\">\n\t\t\t<div class=\"elementor-widget-wrap elementor-element-populated\">\n\t\t\t\t\t\t<div class=\"elementor-element elementor-element-3150fbb0 elementor-widget elementor-widget-heading\" data-id=\"3150fbb0\" data-element_type=\"widget\" data-widget_type=\"heading.default\">\n\t\t\t\t<div class=\"elementor-widget-container\">\n\t\t\t\t\t<h1 class=\"elementor-heading-title elementor-size-default\">Contact<br>\nGet in touch: Let's Make Your Boating Dreams Come True!<\/h1>\t\t\t\t<\/div>\n\t\t\t\t<\/div>\n\t\t\t\t<div class=\"elementor-element elementor-element-31c6d547 elementor-widget elementor-widget-spacer\" data-id=\"31c6d547\" data-element_type=\"widget\" data-widget_type=\"spacer.default\">\n\t\t\t\t<div class=\"elementor-widget-container\">\n\t\t\t\t\t\t\t<div class=\"elementor-spacer\">\n\t\t\t<div class=\"elementor-spacer-inner\"><\/div>\n\t\t<\/div>\n\t\t\t\t\t\t<\/div>\n\t\t\t\t<\/div>\n\t\t\t\t<div class=\"elementor-element elementor-element-38c044cb elementor-widget elementor-widget-text-editor\" data-id=\"38c044cb\" data-element_type=\"widget\" data-widget_type=\"text-editor.default\">\n\t\t\t\t<div class=\"elementor-widget-container\">\n\t\t\t\t\t\t\t\t\t<p style=\"text-align: left;\"><span style=\"color: #ffffff;\"><span style=\"color: #000000;\">We'd love to hear from you! Whether you have questions, need assistance, or want to book your water adventure, our team is here to help. <\/span><\/span><\/p><p style=\"text-align: left;\"><span style=\"color: #ffffff;\"><span style=\"color: #000000;\">Reach out to us through phone, email, or visit our office. Let's chart a course for unforgettable memories on the water!<\/span><\/span><\/p>\t\t\t\t\t\t\t\t<\/div>\n\t\t\t\t<\/div>\n\t\t\t\t<div class=\"elementor-element elementor-element-2bfb725f elementor-icon-list--layout-traditional elementor-list-item-link-full_width elementor-widget elementor-widget-icon-list\" data-id=\"2bfb725f\" data-element_type=\"widget\" data-widget_type=\"icon-list.default\">\n\t\t\t\t<div class=\"elementor-widget-container\">\n\t\t\t\t\t\t\t<ul class=\"elementor-icon-list-items\">\n\t\t\t\t\t\t\t<li class=\"elementor-icon-list-item\">\n\t\t\t\t\t\t\t\t\t\t\t<a href=\"tel: 43 660 9489062\">\n\n\t\t\t\t\t\t\t\t\t\t\t\t<span class=\"elementor-icon-list-icon\">\n\t\t\t\t\t\t\t<i aria-hidden=\"true\" class=\"fas fa-phone-alt\"><\/i>\t\t\t\t\t\t<\/span>\n\t\t\t\t\t\t\t\t\t\t<span class=\"elementor-icon-list-text\">+43 660 9489062<\/span>\n\t\t\t\t\t\t\t\t\t\t\t<\/a>\n\t\t\t\t\t\t\t\t\t<\/li>\n\t\t\t\t\t\t\t\t<li class=\"elementor-icon-list-item\">\n\t\t\t\t\t\t\t\t\t\t\t<a href=\"mailto:office@woertherseeboote.at\">\n\n\t\t\t\t\t\t\t\t\t\t\t\t<span class=\"elementor-icon-list-icon\">\n\t\t\t\t\t\t\t<i aria-hidden=\"true\" class=\"fas fa-envelope\"><\/i>\t\t\t\t\t\t<\/span>\n\t\t\t\t\t\t\t\t\t\t<span class=\"elementor-icon-list-text\">office@woertherseeboote.at<\/span>\n\t\t\t\t\t\t\t\t\t\t\t<\/a>\n\t\t\t\t\t\t\t\t\t<\/li>\n\t\t\t\t\t\t\t\t<li class=\"elementor-icon-list-item\">\n\t\t\t\t\t\t\t\t\t\t\t<a href=\"https:\/\/www.google.com\/maps\/?q=46.61091233112563,14.044613576757667\">\n\n\t\t\t\t\t\t\t\t\t\t\t\t<span class=\"elementor-icon-list-icon\">\n\t\t\t\t\t\t\t<i aria-hidden=\"true\" class=\"fas fa-map-marker\"><\/i>\t\t\t\t\t\t<\/span>\n\t\t\t\t\t\t\t\t\t\t<span class=\"elementor-icon-list-text\">Seecorso, Velden am W\u00f6rthersee<\/span>\n\t\t\t\t\t\t\t\t\t\t\t<\/a>\n\t\t\t\t\t\t\t\t\t<\/li>\n\t\t\t\t\t\t<\/ul>\n\t\t\t\t\t\t<\/div>\n\t\t\t\t<\/div>\n\t\t\t\t\t<\/div>\n\t\t<\/div>\n\t\t\t\t<div class=\"elementor-column elementor-col-50 elementor-top-column elementor-element elementor-element-6abcdea\" data-id=\"6abcdea\" data-element_type=\"column\">\n\t\t\t<div class=\"elementor-widget-wrap elementor-element-populated\">\n\t\t\t\t\t\t<div class=\"elementor-element elementor-element-be79962 elementor-widget elementor-widget-shortcode\" data-id=\"be79962\" data-element_type=\"widget\" data-no-translation=\"\" data-widget_type=\"shortcode.default\">\n\t\t\t\t<div class=\"elementor-widget-container\">\n\t\t\t\t\t<style>.elementor-element-be79962{display:none !important}<\/style>\t\t\t\t<\/div>\n\t\t\t\t<\/div>\n\t\t\t\t<div class=\"elementor-element elementor-element-dda4730 elementor-widget elementor-widget-shortcode\" data-id=\"dda4730\" data-element_type=\"widget\" data-no-translation=\"\" data-widget_type=\"shortcode.default\">\n\t\t\t\t<div class=\"elementor-widget-container\">\n\t\t\t\t\t\t\t<div class=\"elementor-shortcode\"><div class=\"frm_forms  with_frm_style frm_style_formidable-style\" id=\"frm_form_6_container\" data-token=\"1f8edc63b89e6859a29dcd9958764524\">\n<form enctype=\"multipart\/form-data\" method=\"post\" class=\"frm-show-form  frm_ajax_submit\" id=\"form_kontakt-formular2\" data-token=\"1f8edc63b89e6859a29dcd9958764524\" action=\"\">\n<div class=\"frm_form_fields\">\n<fieldset>\n<legend class=\"frm_screen_reader\">Contact Form<\/legend>\r\n\r\n<div class=\"frm_fields_container\">\n<input type=\"hidden\" name=\"frm_action\" value=\"create\" \/>\n<input type=\"hidden\" name=\"form_id\" value=\"6\" \/>\n<input type=\"hidden\" name=\"frm_hide_fields_6\" id=\"frm_hide_fields_6\" value=\"\" \/>\n<input type=\"hidden\" name=\"form_key\" value=\"kontakt-formular2\" \/>\n<input type=\"hidden\" name=\"item_meta[0]\" value=\"\" \/>\n<input type=\"hidden\" id=\"frm_submit_entry_6\" name=\"frm_submit_entry_6\" value=\"2806ae8668\" \/><input type=\"hidden\" name=\"_wp_http_referer\" value=\"\/en\/wp-json\/wp\/v2\/pages\/18\" \/><div id=\"frm_field_38_container\" class=\"frm_form_field form-field  frm_required_field frm_top_container frm12  frm12 frm_first\">\r\n    <label for=\"field_qh4icy\" id=\"field_qh4icy_label\" class=\"frm_primary_label\">Name\r\n        <span class=\"frm_required\" aria-hidden=\"true\">*<\/span>\r\n    <\/label>\r\n    <input type=\"text\" id=\"field_qh4icy\" name=\"item_meta[38]\" value=\"\"  data-reqmsg=\"Name can not be empty.\" aria-required=\"true\" data-invmsg=\"Name is invalid\" aria-invalid=\"false\"  \/>\r\n    \r\n    \r\n<\/div>\n<div id=\"frm_field_39_container\" class=\"frm_form_field form-field  frm_required_field frm_top_container frm_full\">\r\n    <label for=\"field_29yf4d232\" id=\"field_29yf4d232_label\" class=\"frm_primary_label\">Email\r\n        <span class=\"frm_required\" aria-hidden=\"true\">*<\/span>\r\n    <\/label>\r\n    <input type=\"email\" id=\"field_29yf4d232\" name=\"item_meta[39]\" value=\"\"  data-reqmsg=\"Email can not be empty.\" aria-required=\"true\" data-invmsg=\"Please enter a valid email address\" aria-invalid=\"false\"  \/>\r\n    \r\n    \r\n<\/div>\n<div id=\"frm_field_40_container\" class=\"frm_form_field form-field  frm_required_field frm_top_container\">\r\n    <label for=\"field_bosx12\" id=\"field_bosx12_label\" class=\"frm_primary_label\">Phone\r\n        <span class=\"frm_required\" aria-hidden=\"true\">*<\/span>\r\n    <\/label>\r\n    <input type=\"tel\" id=\"field_bosx12\" name=\"item_meta[40]\" value=\"\"  data-reqmsg=\"Phone can not be empty.\" aria-required=\"true\" data-invmsg=\"The phone is invalid\" aria-invalid=\"false\" pattern=\"((\\+\\d{1,3}(-|.| )?\\(?\\d\\)?(-| |.)?\\d{1,5})|(\\(?\\d{2,6}\\)?))(-|.| )?(\\d{3,4})(-|.| )?(\\d{4})(( x| ext)\\d{1,5}){0,1}$\"  \/>\r\n    \r\n    \r\n<\/div>\n<div id=\"frm_field_41_container\" class=\"frm_form_field form-field  frm_required_field frm_top_container frm_full\">\r\n    <label for=\"field_9jv0r1232\" id=\"field_9jv0r1232_label\" class=\"frm_primary_label\">Message\r\n        <span class=\"frm_required\" aria-hidden=\"true\">*<\/span>\r\n    <\/label>\r\n    <textarea name=\"item_meta[41]\" id=\"field_9jv0r1232\" rows=\"5\"  data-reqmsg=\"Message can not be empty.\" aria-required=\"true\" data-invmsg=\"Message is invalid\" aria-invalid=\"false\"  ><\/textarea>\r\n    \r\n    \r\n<\/div>\n\t<input type=\"hidden\" name=\"item_key\" value=\"\" \/>\n\t\t\t\t<div class=\"frm__65d74a2ab0fba\">\n\t\t\t\t<label for=\"frm_email_6\" >\n\t\t\t\t\tIf you are human, leave this field blank.\t\t\t\t<\/label>\n\t\t\t\t<input  id=\"frm_email_6\" type=\"text\" class=\"frm_verify\" name=\"frm__65d74a2ab0fba\" value=\"\" autocomplete=\"off\"  \/>\n\t\t\t<\/div>\n\t\t<div class=\"frm_submit\">\r\n\r\n<button class=\"frm_button_submit\" type=\"submit\"  >SEND<\/button>\r\n\r\n<\/div><\/div>\n<\/fieldset>\n<\/div>\n\n<input type=\"hidden\" name=\"trp-form-language\" value=\"en\"\/><\/form>\n<\/div>\n<\/div>\n\t\t\t\t\t\t<\/div>\n\t\t\t\t<\/div>\n\t\t\t\t\t<\/div>\n\t\t<\/div>\n\t\t\t\t\t<\/div>\n\t\t<\/section>\n\t\t\t\t<section class=\"elementor-section elementor-top-section elementor-element elementor-element-76a6d78 elementor-section-height-min-height elementor-section-boxed elementor-section-height-default elementor-section-items-middle\" data-id=\"76a6d78\" data-element_type=\"section\">\n\t\t\t\t\t\t<div class=\"elementor-container elementor-column-gap-default\">\n\t\t\t\t\t<div class=\"elementor-column elementor-col-100 elementor-top-column elementor-element elementor-element-c65745b\" data-id=\"c65745b\" data-element_type=\"column\" data-settings=\"{&quot;background_background&quot;:&quot;classic&quot;}\">\n\t\t\t<div class=\"elementor-widget-wrap elementor-element-populated\">\n\t\t\t\t\t\t<div class=\"elementor-element elementor-element-971daf5 elementor-widget elementor-widget-heading\" data-id=\"971daf5\" data-element_type=\"widget\" data-widget_type=\"heading.default\">\n\t\t\t\t<div class=\"elementor-widget-container\">\n\t\t\t\t\t<h2 class=\"elementor-heading-title elementor-size-default\">Where to find us!<\/h2>\t\t\t\t<\/div>\n\t\t\t\t<\/div>\n\t\t\t\t<div class=\"elementor-element elementor-element-dd21822 elementor-widget elementor-widget-text-editor\" data-id=\"dd21822\" data-element_type=\"widget\" data-widget_type=\"text-editor.default\">\n\t\t\t\t<div class=\"elementor-widget-container\">\n\t\t\t\t\t\t\t\t\t<p style=\"text-align: left;\">The route below will take you easily from the parking lot to our location.<\/p>\t\t\t\t\t\t\t\t<\/div>\n\t\t\t\t<\/div>\n\t\t\t\t<div class=\"elementor-element elementor-element-0f4aec5 elementor-widget elementor-widget-shortcode\" data-id=\"0f4aec5\" data-element_type=\"widget\" data-widget_type=\"shortcode.default\">\n\t\t\t\t<div class=\"elementor-widget-container\">\n\t\t\t\t\t\t\t<div class=\"elementor-shortcode\"><iframe src=\"https:\/\/www.google.com\/maps\/d\/embed?mid=1U3uEBGPWbe4nI5cp6gnQLz1jS0Atbuo&ehbc=2E312F\" width=\"640\" height=\"480\"><\/iframe><\/div>\n\t\t\t\t\t\t<\/div>\n\t\t\t\t<\/div>\n\t\t\t\t\t<\/div>\n\t\t<\/div>\n\t\t\t\t\t<\/div>\n\t\t<\/section>\n\t\t\t\t<\/div>","protected":false},"excerpt":{"rendered":"<p>Kontakt Wir sind f\u00fcr Sie da! Wir freuen uns, von Ihnen zu h\u00f6ren! Egal, ob Sie Fragen haben, Hilfe ben\u00f6tigen oder Ihr Wasserabenteuer buchen m\u00f6chten, unser Team ist f\u00fcr Sie da: Kontaktieren Sie uns per Telefon, E-Mail oder besuchen Sie uns direkt. +43 660 9489062 office@woertherseeboote.at Seecorso, Velden am W\u00f6rthersee Wo Sie uns finden! Mit [&hellip;]<\/p>","protected":false},"author":2,"featured_media":157,"parent":0,"menu_order":0,"comment_status":"closed","ping_status":"closed","template":"","meta":{"ocean_post_layout":"","ocean_both_sidebars_style":"","ocean_both_sidebars_content_width":0,"ocean_both_sidebars_sidebars_width":0,"ocean_sidebar":"0","ocean_second_sidebar":"0","ocean_disable_margins":"enable","ocean_add_body_class":"","ocean_shortcode_before_top_bar":"","ocean_shortcode_after_top_bar":"","ocean_shortcode_before_header":"","ocean_shortcode_after_header":"","ocean_has_shortcode":"","ocean_shortcode_after_title":"","ocean_shortcode_before_footer_widgets":"","ocean_shortcode_after_footer_widgets":"","ocean_shortcode_before_footer_bottom":"","ocean_shortcode_after_footer_bottom":"","ocean_display_top_bar":"default","ocean_display_header":"default","ocean_header_style":"","ocean_center_header_left_menu":"0","ocean_custom_header_template":"0","ocean_custom_logo":0,"ocean_custom_retina_logo":0,"ocean_custom_logo_max_width":0,"ocean_custom_logo_tablet_max_width":0,"ocean_custom_logo_mobile_max_width":0,"ocean_custom_logo_max_height":0,"ocean_custom_logo_tablet_max_height":0,"ocean_custom_logo_mobile_max_height":0,"ocean_header_custom_menu":"0","ocean_menu_typo_font_family":"0","ocean_menu_typo_font_subset":"","ocean_menu_typo_font_size":0,"ocean_menu_typo_font_size_tablet":0,"ocean_menu_typo_font_size_mobile":0,"ocean_menu_typo_font_size_unit":"px","ocean_menu_typo_font_weight":"","ocean_menu_typo_font_weight_tablet":"","ocean_menu_typo_font_weight_mobile":"","ocean_menu_typo_transform":"","ocean_menu_typo_transform_tablet":"","ocean_menu_typo_transform_mobile":"","ocean_menu_typo_line_height":0,"ocean_menu_typo_line_height_tablet":0,"ocean_menu_typo_line_height_mobile":0,"ocean_menu_typo_line_height_unit":"","ocean_menu_typo_spacing":0,"ocean_menu_typo_spacing_tablet":0,"ocean_menu_typo_spacing_mobile":0,"ocean_menu_typo_spacing_unit":"","ocean_menu_link_color":"","ocean_menu_link_color_hover":"","ocean_menu_link_color_active":"","ocean_menu_link_background":"","ocean_menu_link_hover_background":"","ocean_menu_link_active_background":"","ocean_menu_social_links_bg":"","ocean_menu_social_hover_links_bg":"","ocean_menu_social_links_color":"","ocean_menu_social_hover_links_color":"","ocean_disable_title":"default","ocean_disable_heading":"default","ocean_post_title":"","ocean_post_subheading":"","ocean_post_title_style":"","ocean_post_title_background_color":"","ocean_post_title_background":0,"ocean_post_title_bg_image_position":"","ocean_post_title_bg_image_attachment":"","ocean_post_title_bg_image_repeat":"","ocean_post_title_bg_image_size":"","ocean_post_title_height":0,"ocean_post_title_bg_overlay":0.5,"ocean_post_title_bg_overlay_color":"","ocean_disable_breadcrumbs":"default","ocean_breadcrumbs_color":"","ocean_breadcrumbs_separator_color":"","ocean_breadcrumbs_links_color":"","ocean_breadcrumbs_links_hover_color":"","ocean_display_footer_widgets":"default","ocean_display_footer_bottom":"default","ocean_custom_footer_template":"0","footnotes":""},"class_list":["post-18","page","type-page","status-publish","has-post-thumbnail","hentry","entry","has-media"],"yoast_head":"<!-- This site is optimized with the Yoast SEO plugin v24.2 - https:\/\/yoast.com\/wordpress\/plugins\/seo\/ -->\n<title>Kontakt &amp; Anfragen - Velden Bootsvermietung am W\u00f6rthersee<\/title>\n<meta name=\"description\" content=\"F\u00fcr Reservierungen oder Fragen zu unserem Bootsservice in Velden stehen wir Ihnen gerne zur Verf\u00fcgung. Kontaktieren Sie uns jetzt!\" \/>\n<meta name=\"robots\" content=\"index, follow, max-snippet:-1, max-image-preview:large, max-video-preview:-1\" \/>\n<link rel=\"canonical\" href=\"https:\/\/woertherseeboote.at\/en\/kontakt\/\" \/>\n<meta property=\"og:locale\" content=\"en_GB\" \/>\n<meta property=\"og:type\" content=\"article\" \/>\n<meta property=\"og:title\" content=\"Kontakt &amp; Anfragen - Velden Bootsvermietung am W\u00f6rthersee\" \/>\n<meta property=\"og:description\" content=\"F\u00fcr Reservierungen oder Fragen zu unserem Bootsservice in Velden stehen wir Ihnen gerne zur Verf\u00fcgung. Kontaktieren Sie uns jetzt!\" \/>\n<meta property=\"og:url\" content=\"https:\/\/woertherseeboote.at\/en\/kontakt\/\" \/>\n<meta property=\"og:site_name\" content=\"W\u00f6rtherseeboote\" \/>\n<meta property=\"article:modified_time\" content=\"2024-03-11T11:46:11+00:00\" \/>\n<meta property=\"og:image\" content=\"https:\/\/woertherseeboote.at\/wp-content\/uploads\/2023\/07\/woerthersee-boote-velden-2.jpg\" \/>\n\t<meta property=\"og:image:width\" content=\"1280\" \/>\n\t<meta property=\"og:image:height\" content=\"851\" \/>\n\t<meta property=\"og:image:type\" content=\"image\/jpeg\" \/>\n<meta name=\"twitter:card\" content=\"summary_large_image\" \/>\n<meta name=\"twitter:label1\" content=\"Estimated reading time\" \/>\n\t<meta name=\"twitter:data1\" content=\"1 minute\" \/>\n<script type=\"application\/ld+json\" class=\"yoast-schema-graph\">{\"@context\":\"https:\/\/schema.org\",\"@graph\":[{\"@type\":\"WebPage\",\"@id\":\"https:\/\/woertherseeboote.at\/kontakt\/\",\"url\":\"https:\/\/woertherseeboote.at\/kontakt\/\",\"name\":\"Kontakt & Anfragen - Velden Bootsvermietung am W\u00f6rthersee\",\"isPartOf\":{\"@id\":\"https:\/\/woertherseeboote.at\/#website\"},\"primaryImageOfPage\":{\"@id\":\"https:\/\/woertherseeboote.at\/kontakt\/#primaryimage\"},\"image\":{\"@id\":\"https:\/\/woertherseeboote.at\/kontakt\/#primaryimage\"},\"thumbnailUrl\":\"https:\/\/woertherseeboote.at\/wp-content\/uploads\/2023\/07\/woerthersee-boote-velden-2.jpg\",\"datePublished\":\"2023-07-10T07:45:14+00:00\",\"dateModified\":\"2024-03-11T11:46:11+00:00\",\"description\":\"F\u00fcr Reservierungen oder Fragen zu unserem Bootsservice in Velden stehen wir Ihnen gerne zur Verf\u00fcgung. Kontaktieren Sie uns jetzt!\",\"breadcrumb\":{\"@id\":\"https:\/\/woertherseeboote.at\/kontakt\/#breadcrumb\"},\"inLanguage\":\"en-GB\",\"potentialAction\":[{\"@type\":\"ReadAction\",\"target\":[\"https:\/\/woertherseeboote.at\/kontakt\/\"]}]},{\"@type\":\"ImageObject\",\"inLanguage\":\"en-GB\",\"@id\":\"https:\/\/woertherseeboote.at\/kontakt\/#primaryimage\",\"url\":\"https:\/\/woertherseeboote.at\/wp-content\/uploads\/2023\/07\/woerthersee-boote-velden-2.jpg\",\"contentUrl\":\"https:\/\/woertherseeboote.at\/wp-content\/uploads\/2023\/07\/woerthersee-boote-velden-2.jpg\",\"width\":1280,\"height\":851},{\"@type\":\"BreadcrumbList\",\"@id\":\"https:\/\/woertherseeboote.at\/kontakt\/#breadcrumb\",\"itemListElement\":[{\"@type\":\"ListItem\",\"position\":1,\"name\":\"Startseite\",\"item\":\"https:\/\/woertherseeboote.at\/\"},{\"@type\":\"ListItem\",\"position\":2,\"name\":\"Kontakt\"}]},{\"@type\":\"WebSite\",\"@id\":\"https:\/\/woertherseeboote.at\/#website\",\"url\":\"https:\/\/woertherseeboote.at\/\",\"name\":\"W\u00f6rtherseeboote\",\"description\":\"Buchen Sie ihren Ausflug, oder mieten Sie einfach eines unserer sch\u00f6nen Boote direkt in Velden am W\u00f6rthersee.\",\"potentialAction\":[{\"@type\":\"SearchAction\",\"target\":{\"@type\":\"EntryPoint\",\"urlTemplate\":\"https:\/\/woertherseeboote.at\/?s={search_term_string}\"},\"query-input\":{\"@type\":\"PropertyValueSpecification\",\"valueRequired\":true,\"valueName\":\"search_term_string\"}}],\"inLanguage\":\"en-GB\"}]}<\/script>\n<!-- \/ Yoast SEO plugin. -->","yoast_head_json":{"title":"Kontakt & Anfragen - Velden Bootsvermietung am W\u00f6rthersee","description":"F\u00fcr Reservierungen oder Fragen zu unserem Bootsservice in Velden stehen wir Ihnen gerne zur Verf\u00fcgung. Kontaktieren Sie uns jetzt!","robots":{"index":"index","follow":"follow","max-snippet":"max-snippet:-1","max-image-preview":"max-image-preview:large","max-video-preview":"max-video-preview:-1"},"canonical":"https:\/\/woertherseeboote.at\/en\/kontakt\/","og_locale":"en_GB","og_type":"article","og_title":"Kontakt & Anfragen - Velden Bootsvermietung am W\u00f6rthersee","og_description":"F\u00fcr Reservierungen oder Fragen zu unserem Bootsservice in Velden stehen wir Ihnen gerne zur Verf\u00fcgung. Kontaktieren Sie uns jetzt!","og_url":"https:\/\/woertherseeboote.at\/en\/kontakt\/","og_site_name":"W\u00f6rtherseeboote","article_modified_time":"2024-03-11T11:46:11+00:00","og_image":[{"width":1280,"height":851,"url":"https:\/\/woertherseeboote.at\/wp-content\/uploads\/2023\/07\/woerthersee-boote-velden-2.jpg","type":"image\/jpeg"}],"twitter_card":"summary_large_image","twitter_misc":{"Estimated reading time":"1 minute"},"schema":{"@context":"https:\/\/schema.org","@graph":[{"@type":"WebPage","@id":"https:\/\/woertherseeboote.at\/kontakt\/","url":"https:\/\/woertherseeboote.at\/kontakt\/","name":"Kontakt & Anfragen - Velden Bootsvermietung am W\u00f6rthersee","isPartOf":{"@id":"https:\/\/woertherseeboote.at\/#website"},"primaryImageOfPage":{"@id":"https:\/\/woertherseeboote.at\/kontakt\/#primaryimage"},"image":{"@id":"https:\/\/woertherseeboote.at\/kontakt\/#primaryimage"},"thumbnailUrl":"https:\/\/woertherseeboote.at\/wp-content\/uploads\/2023\/07\/woerthersee-boote-velden-2.jpg","datePublished":"2023-07-10T07:45:14+00:00","dateModified":"2024-03-11T11:46:11+00:00","description":"F\u00fcr Reservierungen oder Fragen zu unserem Bootsservice in Velden stehen wir Ihnen gerne zur Verf\u00fcgung. Kontaktieren Sie uns jetzt!","breadcrumb":{"@id":"https:\/\/woertherseeboote.at\/kontakt\/#breadcrumb"},"inLanguage":"en-GB","potentialAction":[{"@type":"ReadAction","target":["https:\/\/woertherseeboote.at\/kontakt\/"]}]},{"@type":"ImageObject","inLanguage":"en-GB","@id":"https:\/\/woertherseeboote.at\/kontakt\/#primaryimage","url":"https:\/\/woertherseeboote.at\/wp-content\/uploads\/2023\/07\/woerthersee-boote-velden-2.jpg","contentUrl":"https:\/\/woertherseeboote.at\/wp-content\/uploads\/2023\/07\/woerthersee-boote-velden-2.jpg","width":1280,"height":851},{"@type":"BreadcrumbList","@id":"https:\/\/woertherseeboote.at\/kontakt\/#breadcrumb","itemListElement":[{"@type":"ListItem","position":1,"name":"Startseite","item":"https:\/\/woertherseeboote.at\/"},{"@type":"ListItem","position":2,"name":"Kontakt"}]},{"@type":"WebSite","@id":"https:\/\/woertherseeboote.at\/#website","url":"https:\/\/woertherseeboote.at\/","name":"W\u00f6rtherseeboote","description":"Buchen Sie ihren Ausflug, oder mieten Sie einfach eines unserer sch\u00f6nen Boote direkt in Velden am W\u00f6rthersee.","potentialAction":[{"@type":"SearchAction","target":{"@type":"EntryPoint","urlTemplate":"https:\/\/woertherseeboote.at\/?s={search_term_string}"},"query-input":{"@type":"PropertyValueSpecification","valueRequired":true,"valueName":"search_term_string"}}],"inLanguage":"en-GB"}]}},"_links":{"self":[{"href":"https:\/\/woertherseeboote.at\/en\/wp-json\/wp\/v2\/pages\/18","targetHints":{"allow":["GET"]}}],"collection":[{"href":"https:\/\/woertherseeboote.at\/en\/wp-json\/wp\/v2\/pages"}],"about":[{"href":"https:\/\/woertherseeboote.at\/en\/wp-json\/wp\/v2\/types\/page"}],"author":[{"embeddable":true,"href":"https:\/\/woertherseeboote.at\/en\/wp-json\/wp\/v2\/users\/2"}],"replies":[{"embeddable":true,"href":"https:\/\/woertherseeboote.at\/en\/wp-json\/wp\/v2\/comments?post=18"}],"version-history":[{"count":131,"href":"https:\/\/woertherseeboote.at\/en\/wp-json\/wp\/v2\/pages\/18\/revisions"}],"predecessor-version":[{"id":1229,"href":"https:\/\/woertherseeboote.at\/en\/wp-json\/wp\/v2\/pages\/18\/revisions\/1229"}],"wp:featuredmedia":[{"embeddable":true,"href":"https:\/\/woertherseeboote.at\/en\/wp-json\/wp\/v2\/media\/157"}],"wp:attachment":[{"href":"https:\/\/woertherseeboote.at\/en\/wp-json\/wp\/v2\/media?parent=18"}],"curies":[{"name":"wp","href":"https:\/\/api.w.org\/{rel}","templated":true}]}}